{"id":51,"date":"2023-09-12T08:30:33","date_gmt":"2023-09-12T08:30:33","guid":{"rendered":"https:\/\/ordmor.no\/?page_id=51"},"modified":"2023-10-06T13:25:21","modified_gmt":"2023-10-06T13:25:21","slug":"lisbeth-nilsen","status":"publish","type":"page","link":"https:\/\/ordmor.no\/index.php\/lisbeth-nilsen\/","title":{"rendered":"Lisbeth Nilsen"},"content":{"rendered":"\n<div class=\"wp-block-media-text is-stacked-on-mobile\" style=\"grid-template-columns:41% auto\"><figure class=\"wp-block-media-text__media\"><img loading=\"lazy\" decoding=\"async\" width=\"1024\" height=\"739\" src=\"https:\/\/ordmor.no\/wp-content\/uploads\/2023\/09\/Nilsen-Lisbeth-1024x739.jpg\" alt=\"\" class=\"wp-image-58 size-full\" srcset=\"https:\/\/ordmor.no\/wp-content\/uploads\/2023\/09\/Nilsen-Lisbeth-1024x739.jpg 1024w, https:\/\/ordmor.no\/wp-content\/uploads\/2023\/09\/Nilsen-Lisbeth-300x217.jpg 300w, https:\/\/ordmor.no\/wp-content\/uploads\/2023\/09\/Nilsen-Lisbeth-768x555.jpg 768w, https:\/\/ordmor.no\/wp-content\/uploads\/2023\/09\/Nilsen-Lisbeth-1536x1109.jpg 1536w, https:\/\/ordmor.no\/wp-content\/uploads\/2023\/09\/Nilsen-Lisbeth-2048x1479.jpg 2048w\" sizes=\"auto, (max-width: 1024px) 100vw, 1024px\" \/><\/figure><div class=\"wp-block-media-text__content\">\n<p><strong>ORDMOR Lisbeth Nilsen<\/strong> (f. 1952) har bakgrunn som <br>barnehjemsbarn, bibliotekar, bokhandler, <br>oversetter, forlagsredakt\u00f8r for fagb\u00f8ker <br>og forfatter av sakprosa og oppslagsverk. <br>Diktromanen\u00a0<em>Til du blir snill<\/em> er hennes <br>f\u00f8rste skj\u00f8nnlitter\u00e6re bok.<\/p>\n<\/div><\/div>\n\n\n\n<p> <\/p>\n\n\n\n<p> <\/p>\n\n\n\n<p> <\/p>\n\n\n\n<p><br><\/p>\n","protected":false},"excerpt":{"rendered":"<p>ORDMOR Lisbeth Nilsen (f. 1952) har bakgrunn som barnehjemsbarn, bibliotekar, bokhandler, oversetter, forlagsredakt\u00f8r for fagb\u00f8ker og forfatter av sakprosa og oppslagsverk. Diktromanen\u00a0Til du blir snill er hennes f\u00f8rste skj\u00f8nnlitter\u00e6re bok.<\/p>\n","protected":false},"author":2,"featured_media":0,"parent":0,"menu_order":0,"comment_status":"closed","ping_status":"closed","template":"","meta":{"footnotes":""},"class_list":["post-51","page","type-page","status-publish"],"_links":{"self":[{"href":"https:\/\/ordmor.no\/index.php\/wp-json\/wp\/v2\/pages\/51","targetHints":{"allow":["GET"]}}],"collection":[{"href":"https:\/\/ordmor.no\/index.php\/wp-json\/wp\/v2\/pages"}],"about":[{"href":"https:\/\/ordmor.no\/index.php\/wp-json\/wp\/v2\/types\/page"}],"author":[{"embeddable":true,"href":"https:\/\/ordmor.no\/index.php\/wp-json\/wp\/v2\/users\/2"}],"replies":[{"embeddable":true,"href":"https:\/\/ordmor.no\/index.php\/wp-json\/wp\/v2\/comments?post=51"}],"version-history":[{"count":6,"href":"https:\/\/ordmor.no\/index.php\/wp-json\/wp\/v2\/pages\/51\/revisions"}],"predecessor-version":[{"id":66,"href":"https:\/\/ordmor.no\/index.php\/wp-json\/wp\/v2\/pages\/51\/revisions\/66"}],"wp:attachment":[{"href":"https:\/\/ordmor.no\/index.php\/wp-json\/wp\/v2\/media?parent=51"}],"curies":[{"name":"wp","href":"https:\/\/api.w.org\/{rel}","templated":true}]}}