{"id":39,"date":"2023-08-28T17:00:33","date_gmt":"2023-08-28T17:00:33","guid":{"rendered":"https:\/\/ordmor.no\/?page_id=39"},"modified":"2024-09-13T12:43:05","modified_gmt":"2024-09-13T12:43:05","slug":"presse-og-bokomtaler","status":"publish","type":"page","link":"https:\/\/ordmor.no\/index.php\/presse-og-bokomtaler\/","title":{"rendered":"Presse og bokomtaler"},"content":{"rendered":"<div class=\"wp-block-image\">\n<figure class=\"alignleft size-full is-resized\"><img loading=\"lazy\" decoding=\"async\" width=\"206\" height=\"190\" src=\"https:\/\/ordmor.no\/wp-content\/uploads\/2023\/08\/sitat.png\" alt=\"\" class=\"wp-image-40\" style=\"width:73px;height:67px\"\/><\/figure>\n<\/div>\n\n\n<p>Lisbeth Nilsen forteller\u00a0historien om et [sveket barnehjems]barn i sin diktroman. Hun forteller den i et annet spr\u00e5k enn granskingsrapportenes og forskningsartiklenes. Det er et bevisst og litter\u00e6rt gjennomarbeidet spr\u00e5k som klarer det kunststykket \u00e5 f\u00e5 deg til \u00e5 dumpe rett ned i barnets opplevelse. Spr\u00e5ket er usentimentalt og tilsynelatende enkelt, ispedd spreke vendinger som kan minne om poeten Torgeir Rebolledo Pedersen: Styret for barnehjemmet f\u00e5r servert snitter og \u00abfraspiser seg ethvert ansvar\u00bb; de litt st\u00f8rre jentene kommer til pikehjemmet \u00absom ikke har noe hjemmested\u00bb; \u00abbarndommen en dom, uendelig som surdeig og omgangssyke\u00bb. Et dikt om \u00abden trettende juletrefesten det \u00e5ret\u00bb for barnehjemsbarna, er typografisk satt opp som et juletre. \u00abStakkars barn, sier garderobedamene\u00bb i juletrefoten.<br>(\u2026)<br>Lisbeth Nilsens diktroman burde ha en plass p\u00e5 kommende barnevernspedagogers pensumliste i emnet \u00abkunnskapsperspektiver i barnevern\u00bb. Den viktigste kompetansen for folk som skal jobbe i barnevernet, er kanskje evnen til \u00e5 se som et barn. Det er vanskelig \u00e5 l\u00e6re seg \u00e5 se som et barn n\u00e5r en sj\u00f8l er blitt voksen. Men boka til Lisbeth Nilsen hjelper.<br><em>Kjersti Ericsson,\u00a0\u00ab\u00c5 se som et barn\u00bb i Klassekampen 3. september 2024. <\/em>Les hele bokomtalen <a href=\"https:\/\/klassekampen.no\/artikkel\/2024-09-03\/a-se-som-et-barn\/aLhY\">her<\/a>.<\/p>\n\n\n<div class=\"wp-block-image\">\n<figure class=\"alignleft size-full is-resized\"><img loading=\"lazy\" decoding=\"async\" width=\"206\" height=\"190\" src=\"https:\/\/ordmor.no\/wp-content\/uploads\/2023\/08\/sitat.png\" alt=\"\" class=\"wp-image-40\" style=\"width:73px;height:67px\"\/><\/figure>\n<\/div>\n\n\n<p><em>Til du blir snill<\/em>&nbsp;er veldig sterk lesning. Et barn overlatt til seg selv, som pr\u00f8ver \u00e5 forst\u00e5 og som utsettes for grusomme ting og som m\u00e5 leve med konsekvensene av \u00e5 ha blitt utsatt for dette resten av livet.&nbsp;<br>Alle barn trenger \u00abJeg ser at hun ser at jeg ser at hun er enn som ser meg synlig\u00bb. S\u00e5 enkelt kan det sies det vi i barnevernet jobber med, og s\u00e5 vet vi at det ogs\u00e5 kan v\u00e6re sv\u00e6rt vanskelig.&nbsp;Boka gir innsikt gjennom ordene.<br><em>Ellen&nbsp;Galaasen, leder for&nbsp;barnevernspedagogene&nbsp;i Akademikerforbundet<\/em><\/p>\n\n\n<div class=\"wp-block-image\">\n<figure class=\"alignleft size-full is-resized\"><img loading=\"lazy\" decoding=\"async\" width=\"206\" height=\"190\" src=\"https:\/\/ordmor.no\/wp-content\/uploads\/2023\/08\/sitat.png\" alt=\"\" class=\"wp-image-40\" style=\"width:73px;height:67px\"\/><\/figure>\n<\/div>\n\n\n<p><strong>Blant&nbsp;<em>Topp 4<\/em>&nbsp;av alle b\u00f8kene&nbsp;<em>Litteraturviteren<\/em>&nbsp;skrev om i 2023:<\/strong><br><a href=\"https:\/\/www.instagram.com\/p\/C14aL8eKfRS\/?img_index=5\">\u00abTil du blir snill\u00bb (2023) av Lisbeth Nilsen<\/a><br>Nilsen skriver vidunderlig om et vrient, vanskelig og vondt tema: barn uten gode omsorgspersoner. Boka er noe s\u00e5 spesielt som en krysning mellom dikt og roman, til forveksling likt et langdikt, men med romanens r\u00f8de fortellertr\u00e5d. Sjangerblandinga fungerer oppsiktsvekkende godt. Det er noe&nbsp;l\u00f8veidsk&nbsp;over spr\u00e5ket i boka, setningene er utpreget litter\u00e6re, f\u00f8lger ikke hverdagsspr\u00e5kets noter og regler, men finner sine egne veier. Boka lever i bevisstheta lenge etter endt lesing.<br>Litteraturviteren <em><a href=\"https:\/\/www.instagram.com\/p\/C0J4CvYI24a\/\">Joakim Tj\u00f8stheim<\/a><\/em><\/p>\n\n\n<div class=\"wp-block-image\">\n<figure class=\"alignleft size-full is-resized\"><img loading=\"lazy\" decoding=\"async\" width=\"206\" height=\"190\" src=\"https:\/\/ordmor.no\/wp-content\/uploads\/2023\/08\/sitat.png\" alt=\"\" class=\"wp-image-40\" style=\"width:73px;height:67px\"\/><\/figure>\n<\/div>\n\n\n<p>Lisbeth Nilsen er en sjelden litter\u00e6r fugl. Fj\u00e6ra henter farger fra b\u00e5de bibliotek, bokhandel, oversettelse, forlag, fagb\u00f8ker og oppslagsverk, og nebbet er spissa for det ypperste litter\u00e6re form\u00e5let: \u00e5 skrive \u00e5rets eneste diktroman om hva som skjer med et barn som f\u00e5r mat i stedet for trygghet, omsorg og kj\u00e6rlighet \u2013 og en ubeskrivelig leseverdig en, som s\u00e5dan.<br>Forfatter og forlegger Lisbeth Nilsen gj\u00f8r bemerkelsesverdig bruk av lyriske virkemidler, verbale som visuelle. Bokstavrima gir gjenklang i hodet lenge etter endt lesing, og bildene gj\u00f8r en svimmel \u2013 de er gode, og de er mektig lesestoff. Barnet som forteller, er ikke \u00f8nska av foreldrene sine og f\u00e5r alts\u00e5 mat i stedet for kj\u00e6rlighet. Men i m\u00f8rket fins det h\u00e5p. P\u00e5 ei bru av sanger og salmer som hjelper orda i dikta videre mot fortellingas slutt, men begynnelsen p\u00e5 et nytt liv for barnet som forteller.<br>Litteraturviteren <em><a href=\"https:\/\/www.instagram.com\/p\/C0J4CvYI24a\/\">Joakim Tj\u00f8stheim<\/a><\/em><\/p>\n\n\n<div class=\"wp-block-image\">\n<figure class=\"alignleft size-full is-resized\"><img loading=\"lazy\" decoding=\"async\" width=\"206\" height=\"190\" src=\"https:\/\/ordmor.no\/wp-content\/uploads\/2023\/08\/sitat.png\" alt=\"\" class=\"wp-image-40\" style=\"width:73px;height:67px\"\/><\/figure>\n<\/div>\n\n\n<p>\u00abTil du blir snill\u00bb er ein diktroman med eit sterkt innhald. Ingen skal m\u00e5tte g\u00e5 gjennom det altfor mange born g\u00e5r gjennom, nemlig omsorgssvikt. Ved \u00e5 setje s\u00f8kelyset p\u00e5 dette gjennom poesi og forteljande historier, s\u00e5 er dette ei bok som kan vere til hjelp for andre i liknande situasjoner. Ein bunnsolid forfatterdebut fra Lisbeth Nilsen.<br><em>Kjell Magne Gj\u00f8s\u00e6ter<br><\/em><a href=\"https:\/\/bokblogger.com\/2023\/11\/19\/til-du-blir-snill\/\">https:\/\/bokblogger.com\/2023\/11\/19\/til-du-blir-snill\/<\/a><\/p>\n\n\n<div class=\"wp-block-image\">\n<figure class=\"alignleft size-full is-resized\"><img loading=\"lazy\" decoding=\"async\" width=\"206\" height=\"190\" src=\"https:\/\/ordmor.no\/wp-content\/uploads\/2023\/08\/sitat.png\" alt=\"\" class=\"wp-image-40\" style=\"width:73px;height:67px\"\/><\/figure>\n<\/div>\n\n\n<p>\u00abTil du blir snill\u00bb (\u2026) har en lyrisk musikalitet som gjennomsyrer hele boken. Det er ikke ett ord for mye der. Samtidig er de ordene som er brukt, fulle av mening og s\u00e5 talende at en m\u00e5 stoppe opp og lese flere ganger. (\u2026)<br>Her er spennende og givende ordsammensetninger og en gjennomtenkt spr\u00e5kf\u00f8ring av h\u00f8y kvalitet. Kontrasten i den spr\u00e5klige finstemtheten er innimellom for stor til den vonde virkeligheten som beskrives. (\u2026)<br>Forfatteren har gitt oss en viktig bok. De som selv har opplevd omsorgssvikt, som har vokst opp uten tr\u00f8st, trygghet og tilh\u00f8righet, kan finne ord og styrke til \u00e5 komme seg videre. Og vi som skal lytte til mennesker med ulike erfaringer, har her f\u00e5tt en stemme som kan gi oss innsikt og meningsfull kunnskap.<br><em>Berit Okkenhaug, Tidsskrift for Sjelesorg nr. 2\/2023<\/em><br><a href=\"https:\/\/ordmor.no\/wp-content\/uploads\/2023\/11\/bokomtale-og-annonse.pdf\">Hele bokomtalen som pdf<\/a><\/p>\n\n\n<div class=\"wp-block-image\">\n<figure class=\"alignleft size-full is-resized\"><img loading=\"lazy\" decoding=\"async\" width=\"206\" height=\"190\" src=\"https:\/\/ordmor.no\/wp-content\/uploads\/2023\/08\/sitat.png\" alt=\"\" class=\"wp-image-40\" style=\"width:73px;height:67px\"\/><\/figure>\n<\/div>\n\n\n<p>\u00abTil du blir snill\u00bb er sterk skildring av oppvekst til ettertanke og refleksjon. Boka gir leseren inntrykk av hverdagsopplevelser som setter spor. Jeg ble ber\u00f8rt av historiene som fortelles, fordi de b\u00e5de er sv\u00e6rt gjenkjennbare og samtidig fremmede. Beretningen om barnet som bare f\u00e5r mat er slett ikke til \u00e5 ta avstand fra, men til \u00e5 ta innover seg og med seg. Dette er en bok som b\u00f8r leses flere ganger av barnevernsarbeidere, av barnevernsbarn og av andre meningsb\u00e6rere i barnevernsfeltet. \u00abTil du blir snill\u00bb er en bok som setter avtrykk.<br><em>Claus Engen, barnevernsleder i Frogn kommune<\/em><\/p>\n\n\n<div class=\"wp-block-image\">\n<figure class=\"alignleft size-full is-resized\"><img loading=\"lazy\" decoding=\"async\" width=\"206\" height=\"190\" src=\"https:\/\/ordmor.no\/wp-content\/uploads\/2023\/08\/sitat.png\" alt=\"\" class=\"wp-image-40\" style=\"width:73px;height:67px\"\/><\/figure>\n<\/div>\n\n<div class=\"wp-block-image\">\n<figure class=\"alignright size-full\"><img loading=\"lazy\" decoding=\"async\" width=\"50\" height=\"49\" src=\"https:\/\/ordmor.no\/wp-content\/uploads\/2023\/11\/terning5i.jpg\" alt=\"\" class=\"wp-image-72\"\/><\/figure>\n<\/div>\n\n\n<p>Det er alltid vondt \u00e5 lese om barn som ikke har hatt det godt n\u00e5r de vokste opp, det er et tema som ligger meg veldig n\u00e6rt. Samtidig vil jeg si til de som tenker at de ikke orker \u00e5 lese om en vond barndom at denne boken er ogs\u00e5 full av h\u00e5p og tro p\u00e5 en lysere fremtid. Og fordi den er s\u00e5 optimistisk p\u00e5 slutten, blir det mer overkommelig \u00e5 lese om det vonde underveis.<br>DIKTROMANEN ANBFALES STERKT!&nbsp;<br><em>Beathe Solberg, bokblogger<\/em><br><a href=\"https:\/\/beathesbibliotek.no\/2023\/11\/03\/til-du-blir-snill-av-lisbeth-nilsen\/\">https:\/\/beathesbibliotek.no\/2023\/11\/03\/til-du-blir-snill-av-lisbeth-nilsen\/<\/a><\/p>\n\n\n<div class=\"wp-block-image\">\n<figure class=\"alignleft size-full is-resized\"><img loading=\"lazy\" decoding=\"async\" width=\"206\" height=\"190\" src=\"https:\/\/ordmor.no\/wp-content\/uploads\/2023\/08\/sitat.png\" alt=\"\" class=\"wp-image-40\" style=\"width:73px;height:67px\"\/><\/figure>\n<\/div>\n\n\n<p>\u00abTil du blir snill\u00bb ber\u00f8rte meg sterkt. Den satt som et knyttneveslag i magen. Hvert ord i denne diktromanen er veid og vurdert. Jeg blir ikke mismodig av \u00e5 lese den, fordi den handler om overlevelse. Jeg f\u00f8ler at jeg har blitt litt klokere og f\u00e5tt st\u00f8rre forst\u00e5else for hvordan de voksnes ord setter spor i et barnesinn. Jeg h\u00e5per mange vil lese denne boka.<br><em>Ida Nygaard<\/em><\/p>\n\n\n<div class=\"wp-block-image\">\n<figure class=\"alignleft size-full is-resized\"><img loading=\"lazy\" decoding=\"async\" width=\"206\" height=\"190\" src=\"https:\/\/ordmor.no\/wp-content\/uploads\/2023\/08\/sitat.png\" alt=\"\" class=\"wp-image-40\" style=\"width:73px;height:67px\"\/><\/figure>\n<\/div>\n\n\n<p>Flere steder i boka kommer h\u00e5pet og forfatterens \u00f8nske om \u00e5 formidle at det gode kan overleve frem,&nbsp;noe som gj\u00f8r det lettere \u00e5 lese. (\u2026) Hele denne historien til Lisbeth er gripende, grusom og hjerteskj\u00e6rende.&nbsp;<br>De sm\u00e5 diktene om Terje, 3 \u00e5r, i maurtua og Anne, 4 \u00e5r, p\u00e5 Solfrids fang gjorde s\u00e5 veldig inntrykk p\u00e5 meg.&nbsp;(\u2026)&nbsp;<br>Denne boka, disse diktene, kommer jeg aldri til \u00e5 glemme. (\u2026)&nbsp;<br>Jeg anbefaler denne boka p\u00e5 det sterkeste og varmeste \u2013 Lisbeths historie fortjener \u00e5 bli lest.<br><em>Nina Helene Solem, bokblogger<br>@ninaheleser&nbsp;21.12.23<\/em><\/p>\n\n\n\n<figure class=\"wp-block-image size-full\"><img loading=\"lazy\" decoding=\"async\" width=\"782\" height=\"1133\" src=\"https:\/\/ordmor.no\/wp-content\/uploads\/2024\/09\/20240903_Klassekampen.jpg\" alt=\"\" class=\"wp-image-146\" srcset=\"https:\/\/ordmor.no\/wp-content\/uploads\/2024\/09\/20240903_Klassekampen.jpg 782w, https:\/\/ordmor.no\/wp-content\/uploads\/2024\/09\/20240903_Klassekampen-207x300.jpg 207w, https:\/\/ordmor.no\/wp-content\/uploads\/2024\/09\/20240903_Klassekampen-707x1024.jpg 707w, https:\/\/ordmor.no\/wp-content\/uploads\/2024\/09\/20240903_Klassekampen-768x1113.jpg 768w\" sizes=\"auto, (max-width: 782px) 100vw, 782px\" \/><\/figure>\n","protected":false},"excerpt":{"rendered":"<p>Lisbeth Nilsen forteller\u00a0historien om et [sveket barnehjems]barn i sin diktroman. Hun forteller den i et annet spr\u00e5k enn granskingsrapportenes og forskningsartiklenes. Det er et bevisst og litter\u00e6rt gjennomarbeidet spr\u00e5k som klarer det kunststykket \u00e5 f\u00e5 deg til \u00e5 dumpe rett ned i barnets opplevelse. Spr\u00e5ket er usentimentalt og tilsynelatende enkelt, ispedd spreke vendinger som kan &#8230; <a title=\"Presse og bokomtaler\" class=\"read-more\" href=\"https:\/\/ordmor.no\/index.php\/presse-og-bokomtaler\/\" aria-label=\"Mer p\u00e5 Presse og bokomtaler\">Les mer<\/a><\/p>\n","protected":false},"author":2,"featured_media":0,"parent":0,"menu_order":0,"comment_status":"closed","ping_status":"closed","template":"","meta":{"footnotes":""},"class_list":["post-39","page","type-page","status-publish"],"_links":{"self":[{"href":"https:\/\/ordmor.no\/index.php\/wp-json\/wp\/v2\/pages\/39","targetHints":{"allow":["GET"]}}],"collection":[{"href":"https:\/\/ordmor.no\/index.php\/wp-json\/wp\/v2\/pages"}],"about":[{"href":"https:\/\/ordmor.no\/index.php\/wp-json\/wp\/v2\/types\/page"}],"author":[{"embeddable":true,"href":"https:\/\/ordmor.no\/index.php\/wp-json\/wp\/v2\/users\/2"}],"replies":[{"embeddable":true,"href":"https:\/\/ordmor.no\/index.php\/wp-json\/wp\/v2\/comments?post=39"}],"version-history":[{"count":19,"href":"https:\/\/ordmor.no\/index.php\/wp-json\/wp\/v2\/pages\/39\/revisions"}],"predecessor-version":[{"id":148,"href":"https:\/\/ordmor.no\/index.php\/wp-json\/wp\/v2\/pages\/39\/revisions\/148"}],"wp:attachment":[{"href":"https:\/\/ordmor.no\/index.php\/wp-json\/wp\/v2\/media?parent=39"}],"curies":[{"name":"wp","href":"https:\/\/api.w.org\/{rel}","templated":true}]}}