{"id":2,"date":"2023-08-21T10:10:09","date_gmt":"2023-08-21T10:10:09","guid":{"rendered":"https:\/\/ordmor.no\/?page_id=2"},"modified":"2025-03-16T13:31:00","modified_gmt":"2025-03-16T13:31:00","slug":"sample-page","status":"publish","type":"page","link":"https:\/\/ordmor.no\/","title":{"rendered":"Til du blir snill"},"content":{"rendered":"\n<h4 class=\"wp-block-heading\"><strong>Hva hendte med jenta som aldri ble henta?<\/strong><\/h4>\n\n\n\n<p>Kulturdirektoratet har kj\u00f8pt inn boka til alle landets folkebiblioteker (Kulturfondet)!<br>Forfatteren er medlem av Den norske Forfatterforening.<\/p>\n\n\n\n<figure class=\"wp-block-image size-large\"><img loading=\"lazy\" decoding=\"async\" width=\"1024\" height=\"504\" src=\"https:\/\/ordmor.no\/wp-content\/uploads\/2023\/08\/tildublirsnill_omslag-1024x504.jpg\" alt=\"\" class=\"wp-image-34\" srcset=\"https:\/\/ordmor.no\/wp-content\/uploads\/2023\/08\/tildublirsnill_omslag-1024x504.jpg 1024w, https:\/\/ordmor.no\/wp-content\/uploads\/2023\/08\/tildublirsnill_omslag-300x148.jpg 300w, https:\/\/ordmor.no\/wp-content\/uploads\/2023\/08\/tildublirsnill_omslag-768x378.jpg 768w, https:\/\/ordmor.no\/wp-content\/uploads\/2023\/08\/tildublirsnill_omslag-1536x756.jpg 1536w, https:\/\/ordmor.no\/wp-content\/uploads\/2023\/08\/tildublirsnill_omslag-2048x1008.jpg 2048w\" sizes=\"auto, (max-width: 1024px) 100vw, 1024px\" \/><\/figure>\n\n\n\n<p><\/p>\n\n\n\n<h4 class=\"wp-block-heading\"><strong>Kj\u00f8p boka<\/strong><\/h4>\n\n\n<div class=\"wp-block-image\">\n<figure class=\"alignleft size-full is-resized\"><img loading=\"lazy\" decoding=\"async\" width=\"688\" height=\"768\" src=\"https:\/\/ordmor.no\/wp-content\/uploads\/2024\/10\/QR-kode_Ordmorforlag946134.jpg\" alt=\"\" class=\"wp-image-154\" style=\"width:229px;height:auto\" srcset=\"https:\/\/ordmor.no\/wp-content\/uploads\/2024\/10\/QR-kode_Ordmorforlag946134.jpg 688w, https:\/\/ordmor.no\/wp-content\/uploads\/2024\/10\/QR-kode_Ordmorforlag946134-269x300.jpg 269w\" sizes=\"auto, (max-width: 688px) 100vw, 688px\" \/><\/figure>\n<\/div>\n\n\n<p>Boka kan bestilles i alle bokhandler og i de fleste nettbokhandler.&nbsp;Du kan ogs\u00e5 bestille den direkte fra&nbsp;Ordmor&nbsp;forlag ved \u00e5&nbsp;scanne QR-koden og betale via Vipps. Husk \u00e5 skrive inn fullt navn og&nbsp;adresse i meldingsfeltet der n\u00e5r du bestiller. Har du sp\u00f8rsm\u00e5l,&nbsp;ta kontakt p\u00e5&nbsp;<a href=\"mailto:ordmor@online.no\">ordmor@online.no<\/a><\/p>\n\n\n\n<p><strong>Til du blir snill <\/strong><em>Diktroman<\/em><br>Innbundet, 96 sider<br><strong>Pris kr 349,\u2013<\/strong>&nbsp;(inkl. porto)<br>ISBN 978-82-693367-0-2<\/p>\n\n\n\n<p>HUSK \u00c5 SKRIVE INN NAVN OG ADRESSE!<br>Vipps-nummer 94 61 34<\/p>\n\n\n\n<h4 class=\"wp-block-heading\"><strong><font size=\"+2\">Hva skjer n\u00e5r et barn f\u00e5r mat i stedet for trygghet og omsorg?<\/font><\/strong><\/h4>\n\n\n\n<p>Hvem er det som ligger under sengeteppet med tuben&nbsp;<br>i munnen, i fosterstilling, ingen festforestilling<br>og kysser majonesen i m\u00f8te?&nbsp;<\/p>\n\n\n\n<p>Hvor s\u00f8ker tyggere og svelgere,<br>altfor kloke av skade,<br>tr\u00f8st og st\u00f8tte blant gomlere og gnagere,<br>alle som frister \u00e5 spise seg et hjem?<\/p>\n\n\n\n<p><em>Til du blir snill<\/em>&nbsp;er beretningen om det bortsendte barnet som bare f\u00e5r mat. Barnet som m\u00e5 spise, spise og <strong>svelge unna mat og l\u00f8gner i Jesu navn<\/strong>. Barnet som ubevisst fors\u00f8ker \u00e5 balansere tapet, som ikke er til \u00e5 b\u00e6re, med sin egen kroppsvekt \u2013 i spennet mellom skam og sinne, tilpasning og tydelighet.<\/p>\n\n\n\n<p>Barn som blir sveket og b\u00e6rer de voksnes skyld og skam, m\u00e5 finne m\u00e5ter \u00e5 holde ut og klare seg p\u00e5. Mest av alt handler diktromanen om \u00e5 b\u00e6re sin historie med <strong>livskraft, styrke og h\u00e5p<\/strong>. Og ikke minst: At troen p\u00e5 <strong>det gode kan overleve<\/strong>.<\/p>\n\n\n\n<p>I boka konfronteres vi med de voksnes <strong>svik i<\/strong> <strong>hjem, barnehjem og barnevern \u2013<\/strong> og de konsekvensene det f\u00e5r. Det handler om overlast, overspising og overlevelse, og om \u00e5 bite fra seg og finne et spr\u00e5k. Boka er et ogs\u00e5 bidrag til litter\u00e6r synliggj\u00f8ring av <strong>overspisingslidelse <\/strong>(emosjonell overspising), den mest utbredte spiseforstyrrelsen og den det er skrevet minst om.<\/p>\n\n\n\n<p><em>Til du blir snill <\/em>er skrevet til og for <strong>alle som har v\u00e6rt sviktede barn, <\/strong>og som har m\u00e5ttet finne strategier for \u00e5 holde ut og leve s\u00e5 godt de kan med sine s\u00e5r og traumer. Og ikke minst til alle gode hjelpere som bidrar til \u00e5 forebygge og forhindre at omsorgssvikt og overgrep skjer igjen.<\/p>\n\n\n\n<h4 class=\"wp-block-heading\"><strong>Om forfatteren<\/strong><\/h4>\n\n\n\n<p>Lisbeth Nilsen (f. 1952 i Oslo) har bakgrunn som barnehjemsbarn, bibliotekar, bokhandler, oversetter, forlagsredakt\u00f8r for oppvekst-, helse- og sosialfagb\u00f8kene i Kommuneforlaget og forfatter av sakprosa og oppslagsverk. <em>Til du blir snill<\/em> er min f\u00f8rste skj\u00f8nnlitter\u00e6re bok.<\/p>\n\n\n\n<p>Jeg har v\u00e6rt sterkt engasjert for tidligere <strong>barnehjemsbarns rettigheter<\/strong> etter avsl\u00f8ringene av omsorgssvikt og overgrep i Oslo kommunes barnevernsinstitusjoner 1954\u20131993. Boka bygger p\u00e5 mine egne erfaringer fra barndom og oppvekst.<\/p>\n\n\n\n<p>Jeg har skrevet et litter\u00e6rt verk med <strong>linjer til en virkelighet<\/strong>. Ikke for \u00e5 blottlegge det private, men for \u00e5 belyse det allmenne. Dette er litteratur som er virkelig. Som er erfart, men frigjort. Mitt h\u00e5p er at det jeg har skrevet, vil oppleves som allment, universelt. Og at boka vil gi mennesker <strong>styrke i troen p\u00e5 at det gode kan overleve<\/strong>.<\/p>\n","protected":false},"excerpt":{"rendered":"<p>Hva hendte med jenta som aldri ble henta? Kulturdirektoratet har kj\u00f8pt inn boka til alle landets folkebiblioteker (Kulturfondet)!Forfatteren er medlem av Den norske Forfatterforening. Kj\u00f8p boka Boka kan bestilles i alle bokhandler og i de fleste nettbokhandler.&nbsp;Du kan ogs\u00e5 bestille den direkte fra&nbsp;Ordmor&nbsp;forlag ved \u00e5&nbsp;scanne QR-koden og betale via Vipps. Husk \u00e5 skrive inn fullt &#8230; <a title=\"Til du blir snill\" class=\"read-more\" href=\"https:\/\/ordmor.no\/\" aria-label=\"Mer p\u00e5 Til du blir snill\">Les mer<\/a><\/p>\n","protected":false},"author":1,"featured_media":0,"parent":0,"menu_order":0,"comment_status":"closed","ping_status":"open","template":"","meta":{"footnotes":""},"class_list":["post-2","page","type-page","status-publish"],"_links":{"self":[{"href":"https:\/\/ordmor.no\/index.php\/wp-json\/wp\/v2\/pages\/2","targetHints":{"allow":["GET"]}}],"collection":[{"href":"https:\/\/ordmor.no\/index.php\/wp-json\/wp\/v2\/pages"}],"about":[{"href":"https:\/\/ordmor.no\/index.php\/wp-json\/wp\/v2\/types\/page"}],"author":[{"embeddable":true,"href":"https:\/\/ordmor.no\/index.php\/wp-json\/wp\/v2\/users\/1"}],"replies":[{"embeddable":true,"href":"https:\/\/ordmor.no\/index.php\/wp-json\/wp\/v2\/comments?post=2"}],"version-history":[{"count":25,"href":"https:\/\/ordmor.no\/index.php\/wp-json\/wp\/v2\/pages\/2\/revisions"}],"predecessor-version":[{"id":163,"href":"https:\/\/ordmor.no\/index.php\/wp-json\/wp\/v2\/pages\/2\/revisions\/163"}],"wp:attachment":[{"href":"https:\/\/ordmor.no\/index.php\/wp-json\/wp\/v2\/media?parent=2"}],"curies":[{"name":"wp","href":"https:\/\/api.w.org\/{rel}","templated":true}]}}